{"id":222,"date":"2022-11-28T20:27:20","date_gmt":"2022-11-28T20:27:20","guid":{"rendered":"https:\/\/tatianaboltiansky.com\/?page_id=222"},"modified":"2022-12-28T20:38:12","modified_gmt":"2022-12-28T20:38:12","slug":"about-us","status":"publish","type":"page","link":"https:\/\/tatianaboltiansky.com\/es\/about-us\/","title":{"rendered":"Quienes Somos"},"content":{"rendered":"<div data-elementor-type=\"wp-page\" data-elementor-id=\"222\" class=\"elementor elementor-222\" data-elementor-post-type=\"page\">\n\t\t\t\t\t\t<section class=\"elementor-section elementor-top-section elementor-element elementor-element-7646303 elementor-section-height-min-height elementor-section-boxed elementor-section-height-default elementor-section-items-middle\" data-id=\"7646303\" data-element_type=\"section\">\n\t\t\t\t\t\t<div class=\"elementor-container elementor-column-gap-custom\">\n\t\t\t\t\t<div class=\"elementor-column elementor-col-50 elementor-top-column elementor-element elementor-element-55ce935 animated-slow elementor-invisible\" data-id=\"55ce935\" data-element_type=\"column\" data-settings=\"{&quot;animation&quot;:&quot;fadeInLeft&quot;}\">\n\t\t\t<div class=\"elementor-widget-wrap elementor-element-populated\">\n\t\t\t\t\t\t<div class=\"elementor-element elementor-element-3b94df8 elementor-widget elementor-widget-image\" data-id=\"3b94df8\" data-element_type=\"widget\" data-widget_type=\"image.default\">\n\t\t\t\t<div class=\"elementor-widget-container\">\n\t\t\t\t\t\t\t\t\t\t\t\t\t\t\t<img fetchpriority=\"high\" decoding=\"async\" width=\"1200\" height=\"1500\" src=\"https:\/\/tatianaboltiansky.com\/wp-content\/uploads\/2022\/12\/about-us.png\" class=\"attachment-full size-full wp-image-900\" alt=\"\" srcset=\"https:\/\/tatianaboltiansky.com\/wp-content\/uploads\/2022\/12\/about-us.png 1200w, https:\/\/tatianaboltiansky.com\/wp-content\/uploads\/2022\/12\/about-us-240x300.png 240w, https:\/\/tatianaboltiansky.com\/wp-content\/uploads\/2022\/12\/about-us-819x1024.png 819w, https:\/\/tatianaboltiansky.com\/wp-content\/uploads\/2022\/12\/about-us-768x960.png 768w, https:\/\/tatianaboltiansky.com\/wp-content\/uploads\/2022\/12\/about-us-10x12.png 10w\" sizes=\"(max-width: 1200px) 100vw, 1200px\" \/>\t\t\t\t\t\t\t\t\t\t\t\t\t\t\t<\/div>\n\t\t\t\t<\/div>\n\t\t\t\t\t<\/div>\n\t\t<\/div>\n\t\t\t\t<div class=\"elementor-column elementor-col-50 elementor-top-column elementor-element elementor-element-c4aa89d animated-slow elementor-invisible\" data-id=\"c4aa89d\" data-element_type=\"column\" data-settings=\"{&quot;animation&quot;:&quot;fadeInRight&quot;}\">\n\t\t\t<div class=\"elementor-widget-wrap elementor-element-populated\">\n\t\t\t\t\t\t<div class=\"elementor-element elementor-element-0ded065 elementor-widget elementor-widget-heading\" data-id=\"0ded065\" data-element_type=\"widget\" data-widget_type=\"heading.default\">\n\t\t\t\t<div class=\"elementor-widget-container\">\n\t\t\t\t\t<h2 class=\"elementor-heading-title elementor-size-default\">ABOUT<\/h2>\t\t\t\t<\/div>\n\t\t\t\t<\/div>\n\t\t\t\t<div class=\"elementor-element elementor-element-cf62ba0 elementor-widget elementor-widget-text-editor\" data-id=\"cf62ba0\" data-element_type=\"widget\" data-widget_type=\"text-editor.default\">\n\t\t\t\t<div class=\"elementor-widget-container\">\n\t\t\t\t\t\t\t\t\t<div class=\"page\" title=\"Page 2\"><div class=\"section\"><div class=\"layoutArea\"><div class=\"column\"><p class=\"p1\">Tras iniciar su experiencia profesional en Bolmani Antiques, empresa con m\u00e1s de 40 a\u00f1os en el mercado del arte, Tatiana Boltiansky se especializ\u00f3 en el arte de post-guerra y contempor\u00e1neo, combinando su mirada con sus antecedentes en consultor\u00eda, marketing y desarrollo de negocios. Este nuevo v\u00e9rtice se focaliza en la gesti\u00f3n, asesor\u00eda y adquisici\u00f3n\/venta de obras de arte.<\/p><p class=\"p1\">Tatiana, junto al coleccionista, colabora en la definici\u00f3n de  cada colecci\u00f3n y la gesti\u00f3n de la misma, identifica oportunidades de compra y de venta; administra, y provee asesoramiento enfocado en la preservaci\u00f3n del patrimonio. Representa a clientes nacionales e internacionales en transacciones durante negociaciones privadas o subastas. Proporciona un amplio conocimiento de las tendencias curatoriales y de mercado en el arte moderno y contempor\u00e1neo. Viaja constantemente a las ferias y bienales de arte m\u00e1s importantes de Europa, Estados Unidos y Latinoam\u00e9rica. La gama de clientes va desde coleccionistas hasta museos, instituciones y desarrollos inmobiliarios.<\/p><\/div><\/div><\/div><\/div>\t\t\t\t\t\t\t\t<\/div>\n\t\t\t\t<\/div>\n\t\t\t\t<div class=\"elementor-element elementor-element-f989c3f elementor-widget elementor-widget-toggle\" data-id=\"f989c3f\" data-element_type=\"widget\" data-widget_type=\"toggle.default\">\n\t\t\t\t<div class=\"elementor-widget-container\">\n\t\t\t\t\t\t\t<div class=\"elementor-toggle\">\n\t\t\t\t\t\t\t<div class=\"elementor-toggle-item\">\n\t\t\t\t\t<div id=\"elementor-tab-title-2611\" class=\"elementor-tab-title\" data-tab=\"1\" role=\"button\" aria-controls=\"elementor-tab-content-2611\" aria-expanded=\"false\">\n\t\t\t\t\t\t\t\t\t\t\t\t<span class=\"elementor-toggle-icon elementor-toggle-icon-right\" aria-hidden=\"true\">\n\t\t\t\t\t\t\t\t\t\t\t\t\t\t\t<span class=\"elementor-toggle-icon-closed\"><i class=\"fas fa-caret-down\"><\/i><\/span>\n\t\t\t\t\t\t\t\t<span class=\"elementor-toggle-icon-opened\"><i class=\"elementor-toggle-icon-opened fas fa-caret-up\"><\/i><\/span>\n\t\t\t\t\t\t\t\t\t\t\t\t\t<\/span>\n\t\t\t\t\t\t\t\t\t\t\t\t<a class=\"elementor-toggle-title\" tabindex=\"0\">BIO<\/a>\n\t\t\t\t\t<\/div>\n\n\t\t\t\t\t<div id=\"elementor-tab-content-2611\" class=\"elementor-tab-content elementor-clearfix\" data-tab=\"1\" role=\"region\" aria-labelledby=\"elementor-tab-title-2611\"><p class=\"p1\">Tatiana Boltiansky, creci\u00f3 en Buenos Aires donde fue expuesta a la experiencia del arte a una edad muy temprana por su padre quien es tambi\u00e9n anticuario. Tatiana recibi\u00f3 el t\u00edtulo de Licenciada en Gesti\u00f3n Empresaria Internacional en ESEADE  y tambi\u00e9n estudi\u00f3 un Master en International Management en EADA Business School Barcelona. Luego de vivir en Londres y Barcelona, trabaj\u00f3 en el mundo de las finanzas y consultor\u00eda estrat\u00e9gica. Su experiencia en finanzas en mercados emergentes y la experiencia familiar le brind\u00f3 una perspectiva\u00a0\u00fanica del solapado y heterog\u00e9neo mundo del arte contempor\u00e1neo. En Marzo de 2016, Tatiana crea una nueva unidad de negocios dentro de la empresa familiar,  desarrollando as\u00ed un gran conocimiento del arte del siglo XX. Adem\u00e1s de ventas y armado de colecciones, trabaj\u00f3 en el armado de exposiciones de venta privada, ferias nacionales e internacionales, cat\u00e1logos,  ampliando enormemente la cartera de clientes de Bolmani.\u00a0<\/p><\/div>\n\t\t\t\t<\/div>\n\t\t\t\t\t\t\t\t<\/div>\n\t\t\t\t\t\t<\/div>\n\t\t\t\t<\/div>\n\t\t\t\t\t<\/div>\n\t\t<\/div>\n\t\t\t\t\t<\/div>\n\t\t<\/section>\n\t\t\t\t<\/div>","protected":false},"excerpt":{"rendered":"<p>ABOUT Tatiana Boltiansky specialized in post-war and contemporary art after beginning her professional experience at Bolmani Antiques, a family business with over 40 years in the art market. She combined her perspective with her consulting, marketing, and business development background. This new vertex focuses on art management, advisory, and acquisition. Tatiana, in collaboration with the [&hellip;]<\/p>\n","protected":false},"author":1,"featured_media":0,"parent":0,"menu_order":0,"comment_status":"closed","ping_status":"closed","template":"","meta":{"om_disable_all_campaigns":false,"_mi_skip_tracking":false,"footnotes":""},"aioseo_notices":[],"_links":{"self":[{"href":"https:\/\/tatianaboltiansky.com\/es\/wp-json\/wp\/v2\/pages\/222"}],"collection":[{"href":"https:\/\/tatianaboltiansky.com\/es\/wp-json\/wp\/v2\/pages"}],"about":[{"href":"https:\/\/tatianaboltiansky.com\/es\/wp-json\/wp\/v2\/types\/page"}],"author":[{"embeddable":true,"href":"https:\/\/tatianaboltiansky.com\/es\/wp-json\/wp\/v2\/users\/1"}],"replies":[{"embeddable":true,"href":"https:\/\/tatianaboltiansky.com\/es\/wp-json\/wp\/v2\/comments?post=222"}],"version-history":[{"count":40,"href":"https:\/\/tatianaboltiansky.com\/es\/wp-json\/wp\/v2\/pages\/222\/revisions"}],"predecessor-version":[{"id":906,"href":"https:\/\/tatianaboltiansky.com\/es\/wp-json\/wp\/v2\/pages\/222\/revisions\/906"}],"wp:attachment":[{"href":"https:\/\/tatianaboltiansky.com\/es\/wp-json\/wp\/v2\/media?parent=222"}],"curies":[{"name":"wp","href":"https:\/\/api.w.org\/{rel}","templated":true}]}}