{"id":399,"date":"2022-12-07T00:18:15","date_gmt":"2022-12-07T00:18:15","guid":{"rendered":"https:\/\/tatianaboltiansky.com\/?page_id=399"},"modified":"2022-12-26T19:41:16","modified_gmt":"2022-12-26T19:41:16","slug":"services","status":"publish","type":"page","link":"https:\/\/tatianaboltiansky.com\/es\/services\/","title":{"rendered":"Servicios"},"content":{"rendered":"<div data-elementor-type=\"wp-page\" data-elementor-id=\"399\" class=\"elementor elementor-399\" data-elementor-post-type=\"page\">\n\t\t\t\t\t\t<section class=\"elementor-section elementor-top-section elementor-element elementor-element-f3c7391 elementor-section-boxed elementor-section-height-default elementor-section-height-default\" data-id=\"f3c7391\" data-element_type=\"section\">\n\t\t\t\t\t\t<div class=\"elementor-container elementor-column-gap-default\">\n\t\t\t\t\t<div class=\"elementor-column elementor-col-50 elementor-top-column elementor-element elementor-element-eb789d6 elementor-invisible\" data-id=\"eb789d6\" data-element_type=\"column\" data-settings=\"{&quot;background_background&quot;:&quot;classic&quot;,&quot;animation&quot;:&quot;fadeInLeft&quot;}\">\n\t\t\t<div class=\"elementor-widget-wrap elementor-element-populated\">\n\t\t\t\t\t\t<div class=\"elementor-element elementor-element-6e2f2ff elementor-invisible elementor-widget elementor-widget-heading\" data-id=\"6e2f2ff\" data-element_type=\"widget\" data-settings=\"{&quot;_animation&quot;:&quot;fadeInLeft&quot;}\" data-widget_type=\"heading.default\">\n\t\t\t\t<div class=\"elementor-widget-container\">\n\t\t\t\t\t<h2 class=\"elementor-heading-title elementor-size-default\">Acompanamiento<\/h2>\t\t\t\t<\/div>\n\t\t\t\t<\/div>\n\t\t\t\t<div class=\"elementor-element elementor-element-e41c95e elementor-widget elementor-widget-text-editor\" data-id=\"e41c95e\" data-element_type=\"widget\" data-widget_type=\"text-editor.default\">\n\t\t\t\t<div class=\"elementor-widget-container\">\n\t\t\t\t\t\t\t\t\t<div class=\"page\" title=\"Page 2\"><div class=\"section\"><div class=\"layoutArea\"><div class=\"column\"><p class=\"p1\">Acompa\u00f1a al cliente en el proceso de b\u00fasqueda e identificaci\u00f3n del perfil de colecci\u00f3n con el que m\u00e1s se identifica y disfruta, asistiendo en todos los procesos que implican la adquisici\u00f3n de una obra de arte, entre ellos,  la importaci\u00f3n y exportaci\u00f3n, traslado, instalaci\u00f3n y enmarcado, restauraciones, almacenamiento y seguros.<\/p><\/div><\/div><\/div><\/div>\t\t\t\t\t\t\t\t<\/div>\n\t\t\t\t<\/div>\n\t\t\t\t\t<\/div>\n\t\t<\/div>\n\t\t\t\t<div class=\"elementor-column elementor-col-50 elementor-top-column elementor-element elementor-element-f023ea5 elementor-invisible\" data-id=\"f023ea5\" data-element_type=\"column\" data-settings=\"{&quot;background_background&quot;:&quot;classic&quot;,&quot;animation&quot;:&quot;fadeInRight&quot;}\">\n\t\t\t<div class=\"elementor-widget-wrap elementor-element-populated\">\n\t\t\t\t\t\t<div class=\"elementor-element elementor-element-87b19f1 elementor-invisible elementor-widget elementor-widget-heading\" data-id=\"87b19f1\" data-element_type=\"widget\" data-settings=\"{&quot;_animation&quot;:&quot;fadeInRight&quot;}\" data-widget_type=\"heading.default\">\n\t\t\t\t<div class=\"elementor-widget-container\">\n\t\t\t\t\t<h2 class=\"elementor-heading-title elementor-size-default\">Experiencia Bespoke<\/h2>\t\t\t\t<\/div>\n\t\t\t\t<\/div>\n\t\t\t\t<div class=\"elementor-element elementor-element-aae009a elementor-widget elementor-widget-text-editor\" data-id=\"aae009a\" data-element_type=\"widget\" data-widget_type=\"text-editor.default\">\n\t\t\t\t<div class=\"elementor-widget-container\">\n\t\t\t\t\t\t\t\t\t<div class=\"page\" title=\"Page 2\"><div class=\"section\"><div class=\"layoutArea\"><div class=\"column\"><p class=\"p1\">La asistencia personalizada permite ofrecer un servicio customizado acorde a cada necesidad, desde obra decorativa en gran volumen para, por ejemplo, proyectos inmobiliarios  hasta obras exclusivas para importantes colecciones, brindando una soluci\u00f3n integral para cada necesidad.<\/p><\/div><\/div><\/div><\/div>\t\t\t\t\t\t\t\t<\/div>\n\t\t\t\t<\/div>\n\t\t\t\t\t<\/div>\n\t\t<\/div>\n\t\t\t\t\t<\/div>\n\t\t<\/section>\n\t\t\t\t<section class=\"elementor-section elementor-top-section elementor-element elementor-element-e963f1e elementor-section-boxed elementor-section-height-default elementor-section-height-default\" data-id=\"e963f1e\" data-element_type=\"section\">\n\t\t\t\t\t\t<div class=\"elementor-container elementor-column-gap-default\">\n\t\t\t\t\t<div class=\"elementor-column elementor-col-50 elementor-top-column elementor-element elementor-element-442433c elementor-invisible\" data-id=\"442433c\" data-element_type=\"column\" data-settings=\"{&quot;background_background&quot;:&quot;classic&quot;,&quot;animation&quot;:&quot;fadeInLeft&quot;}\">\n\t\t\t<div class=\"elementor-widget-wrap elementor-element-populated\">\n\t\t\t\t\t\t<div class=\"elementor-element elementor-element-818edaa elementor-invisible elementor-widget elementor-widget-heading\" data-id=\"818edaa\" data-element_type=\"widget\" data-settings=\"{&quot;_animation&quot;:&quot;fadeInLeft&quot;}\" data-widget_type=\"heading.default\">\n\t\t\t\t<div class=\"elementor-widget-container\">\n\t\t\t\t\t<h2 class=\"elementor-heading-title elementor-size-default\">Presencia y Acceso<\/h2>\t\t\t\t<\/div>\n\t\t\t\t<\/div>\n\t\t\t\t<div class=\"elementor-element elementor-element-51b4bc8 elementor-widget elementor-widget-text-editor\" data-id=\"51b4bc8\" data-element_type=\"widget\" data-widget_type=\"text-editor.default\">\n\t\t\t\t<div class=\"elementor-widget-container\">\n\t\t\t\t\t\t\t\t\t<div class=\"page\" title=\"Page 2\"><div class=\"section\"><div class=\"layoutArea\"><div class=\"column\"><p class=\"p1\">La experiencia de m\u00e1s de 40 a\u00f1os en el mercado le permite facilitar el acceso a una extensa red de artistas, galer\u00edas, dealers privados y casas de subastas, brind\u00e1ndole al cliente la posibilidad de armar la colecci\u00f3n a su medida.<\/p><p class=\"p1\">Tiene presencia en toda la red, la cual esta compuesta por distintos actores, como ferias de arte y subastas no s\u00f3lo en Am\u00e9rica Latina sino tambi\u00e9n en Europa y Estados Unidos.<\/p><\/div><\/div><\/div><\/div>\t\t\t\t\t\t\t\t<\/div>\n\t\t\t\t<\/div>\n\t\t\t\t\t<\/div>\n\t\t<\/div>\n\t\t\t\t<div class=\"elementor-column elementor-col-50 elementor-top-column elementor-element elementor-element-8f3468b elementor-invisible\" data-id=\"8f3468b\" data-element_type=\"column\" data-settings=\"{&quot;background_background&quot;:&quot;classic&quot;,&quot;animation&quot;:&quot;fadeInRight&quot;}\">\n\t\t\t<div class=\"elementor-widget-wrap elementor-element-populated\">\n\t\t\t\t\t\t<div class=\"elementor-element elementor-element-68e52d9 elementor-invisible elementor-widget elementor-widget-heading\" data-id=\"68e52d9\" data-element_type=\"widget\" data-settings=\"{&quot;_animation&quot;:&quot;fadeInRight&quot;}\" data-widget_type=\"heading.default\">\n\t\t\t\t<div class=\"elementor-widget-container\">\n\t\t\t\t\t<h2 class=\"elementor-heading-title elementor-size-default\">Analisis y Asesoramiento<\/h2>\t\t\t\t<\/div>\n\t\t\t\t<\/div>\n\t\t\t\t<div class=\"elementor-element elementor-element-2cfb2ed elementor-widget elementor-widget-text-editor\" data-id=\"2cfb2ed\" data-element_type=\"widget\" data-widget_type=\"text-editor.default\">\n\t\t\t\t<div class=\"elementor-widget-container\">\n\t\t\t\t\t\t\t\t\t<div class=\"page\" title=\"Page 2\"><div class=\"section\"><div class=\"layoutArea\"><div class=\"column\"><p class=\"p1\">Provee informaci\u00f3n concreta para que el coleccionista tome desiciones analizando no solo los factores est\u00e9ticos sino tambi\u00e9n los indices de mercado, siendo un gran soporte para el desarrollo de colecciones que retienen o crecen en valor,  brindando al mismo tiempo una experiencia personalizada y \u00fanica a cada cliente. Invertir en arte ha proporcionado hist\u00f3ricamente un alto rendimiento y muestra una baja correlaci\u00f3n con otras clases de activos.<\/p><\/div><\/div><\/div><\/div>\t\t\t\t\t\t\t\t<\/div>\n\t\t\t\t<\/div>\n\t\t\t\t\t<\/div>\n\t\t<\/div>\n\t\t\t\t\t<\/div>\n\t\t<\/section>\n\t\t\t\t<\/div>","protected":false},"excerpt":{"rendered":"<p>Support Assists clients in the process of searching for and identifying the collection profile with which they most identify and enjoy, as well as in all of the processes involved in the acquisition of a work of art, such as import and export, shipping, installation and framing, restorations, storage, and insurance. Bespoke Experience Personalized assistance [&hellip;]<\/p>\n","protected":false},"author":1,"featured_media":0,"parent":0,"menu_order":0,"comment_status":"closed","ping_status":"closed","template":"","meta":{"om_disable_all_campaigns":false,"_mi_skip_tracking":false,"footnotes":""},"aioseo_notices":[],"_links":{"self":[{"href":"https:\/\/tatianaboltiansky.com\/es\/wp-json\/wp\/v2\/pages\/399"}],"collection":[{"href":"https:\/\/tatianaboltiansky.com\/es\/wp-json\/wp\/v2\/pages"}],"about":[{"href":"https:\/\/tatianaboltiansky.com\/es\/wp-json\/wp\/v2\/types\/page"}],"author":[{"embeddable":true,"href":"https:\/\/tatianaboltiansky.com\/es\/wp-json\/wp\/v2\/users\/1"}],"replies":[{"embeddable":true,"href":"https:\/\/tatianaboltiansky.com\/es\/wp-json\/wp\/v2\/comments?post=399"}],"version-history":[{"count":47,"href":"https:\/\/tatianaboltiansky.com\/es\/wp-json\/wp\/v2\/pages\/399\/revisions"}],"predecessor-version":[{"id":818,"href":"https:\/\/tatianaboltiansky.com\/es\/wp-json\/wp\/v2\/pages\/399\/revisions\/818"}],"wp:attachment":[{"href":"https:\/\/tatianaboltiansky.com\/es\/wp-json\/wp\/v2\/media?parent=399"}],"curies":[{"name":"wp","href":"https:\/\/api.w.org\/{rel}","templated":true}]}}